{"id":2651,"date":"2023-12-20T15:53:11","date_gmt":"2023-12-20T15:53:11","guid":{"rendered":"https:\/\/just2air.com\/?page_id=2651"},"modified":"2023-12-20T16:00:01","modified_gmt":"2023-12-20T16:00:01","slug":"medellin","status":"publish","type":"page","link":"https:\/\/just2air.com\/es\/medellin\/","title":{"rendered":"Medellin"},"content":{"rendered":"<div class=\"vc_row wpb_row vc_row-fluid\"><div class=\"wpb_column vc_column_container vc_col-sm-12\"><div class=\"vc_column-inner\"><div class=\"wpb_wrapper\"><div class=\"vc_empty_space\"   style=\"height: 32px\"><span class=\"vc_empty_space_inner\"><\/span><\/div><\/div><\/div><\/div><\/div><div class=\"vc_row wpb_row vc_row-fluid\"><div class=\"wpb_column vc_column_container vc_col-sm-3\"><div class=\"vc_column-inner\"><div class=\"wpb_wrapper\"><div class=\"sober-icon-box icon-type-fontawesome icon-style-round\">\r\n\t\t\t\t<div class=\"box-icon\"><i class=\"fas fa-plane\"><\/i><\/div>\r\n\t\t\t\t<h3 class=\"box-title\">AIRPORT<\/h3>\r\n\t\t\t\t<div class=\"box-content\">Jos\u00e9 Mar\u00eda C\u00f3rdova Internacional Airport<\/div>\r\n\t\t\t<\/div><\/div><\/div><\/div><div class=\"wpb_column vc_column_container vc_col-sm-3\"><div class=\"vc_column-inner\"><div class=\"wpb_wrapper\"><div class=\"sober-icon-box icon-type-fontawesome icon-style-round\">\r\n\t\t\t\t<div class=\"box-icon\"><i class=\"fas fa-comments\"><\/i><\/div>\r\n\t\t\t\t<h3 class=\"box-title\">LANGUAGE<\/h3>\r\n\t\t\t\t<div class=\"box-content\">Spanish<\/div>\r\n\t\t\t<\/div><\/div><\/div><\/div><div class=\"wpb_column vc_column_container vc_col-sm-3\"><div class=\"vc_column-inner\"><div class=\"wpb_wrapper\"><div class=\"sober-icon-box icon-type-fontawesome icon-style-round\">\r\n\t\t\t\t<div class=\"box-icon\"><i class=\"fas fa-coins\"><\/i><\/div>\r\n\t\t\t\t<h3 class=\"box-title\">CURRENCY<\/h3>\r\n\t\t\t\t<div class=\"box-content\">Colombian Peso<\/div>\r\n\t\t\t<\/div><\/div><\/div><\/div><div class=\"wpb_column vc_column_container vc_col-sm-3\"><div class=\"vc_column-inner\"><div class=\"wpb_wrapper\"><div class=\"sober-icon-box icon-type-fontawesome icon-style-round\">\r\n\t\t\t\t<div class=\"box-icon\"><i class=\"fas fa-coins\"><\/i><\/div>\r\n\t\t\t\t<h3 class=\"box-title\">AVERAGE TEMPERATURE<\/h3>\r\n\t\t\t\t<div class=\"box-content\">16\u00baC<\/div>\r\n\t\t\t<\/div><\/div><\/div><\/div><\/div><div class=\"vc_row wpb_row vc_row-fluid\"><div class=\"wpb_column vc_column_container vc_col-sm-8\"><div class=\"vc_column-inner\"><div class=\"wpb_wrapper\">\n\t<div class=\"wpb_text_column wpb_content_element  wpb_animate_when_almost_visible wpb_fadeInUp fadeInUp\" >\n\t\t<div class=\"wpb_wrapper\">\n\t\t\t<h4><span style=\"color: #000000;\">Medell\u00edn es una ciudad colombiana ubicada en el departamento de Antioquia. Es conocida como la \u201cCiudad de la Eterna Primavera\u201d debido a su clima c\u00e1lido y agradable durante todo el a\u00f1o. La moneda oficial de Colombia es el peso colombiano.<\/span><\/h4>\n<h4><span style=\"color: #000000;\">En cuanto a la cultura, Medell\u00edn es el hogar de muchos artistas y m\u00fasicos famosos. Algunos de los artistas m\u00e1s destacados son Fernando Botero, Rodrigo Arenas Betancur y D\u00e9bora Arango. En m\u00fasica, se destacan Juanes, J Balvin, Farina, Maluma, Karol G, Piso 21, Sebasti\u00e1n Yatra y Camilo Echeverry. Tambi\u00e9n han surgido bandas como Estados Alterados, Bajo Tierra, Ekhymosis y Kraken. Los principales centros culturales de la ciudad son el Museo de Antioquia y la Plaza Botero. Adem\u00e1s, la ciudad es famosa por su Festival Internacional de Poes\u00eda, que se celebra anualmente desde 1991.<\/span><\/h4>\n<h4><span style=\"color: #000000;\">En cuanto a la gastronom\u00eda, la comida t\u00edpica de Medell\u00edn incluye platos como la bandeja paisa, el mondongo y las arepas paisas.\u00a0La comida en Medell\u00edn es muy variada y se pueden encontrar todo tipo de comidas internacionales en sus restaurantes y \u00e1reas de encuentro masivo y diversi\u00f3n<\/span><\/h4>\n\n\t\t<\/div>\n\t<\/div>\n<\/div><\/div><\/div><div class=\"wpb_column vc_column_container vc_col-sm-4\"><div class=\"vc_column-inner\"><div class=\"wpb_wrapper\"><\/div><\/div><\/div><\/div>","protected":false},"excerpt":{"rendered":"AIRPORT Jos\u00e9 Mar\u00eda C\u00f3rdova Internacional Airport LANGUAGE Spanish CURRENCY Colombian Peso AVERAGE TEMPERATURE 16\u00baC Medell\u00edn&hellip;","protected":false},"author":1,"featured_media":0,"parent":0,"menu_order":0,"comment_status":"closed","ping_status":"closed","template":"","meta":{"footnotes":""},"_links":{"self":[{"href":"https:\/\/just2air.com\/es\/wp-json\/wp\/v2\/pages\/2651"}],"collection":[{"href":"https:\/\/just2air.com\/es\/wp-json\/wp\/v2\/pages"}],"about":[{"href":"https:\/\/just2air.com\/es\/wp-json\/wp\/v2\/types\/page"}],"author":[{"embeddable":true,"href":"https:\/\/just2air.com\/es\/wp-json\/wp\/v2\/users\/1"}],"replies":[{"embeddable":true,"href":"https:\/\/just2air.com\/es\/wp-json\/wp\/v2\/comments?post=2651"}],"version-history":[{"count":6,"href":"https:\/\/just2air.com\/es\/wp-json\/wp\/v2\/pages\/2651\/revisions"}],"predecessor-version":[{"id":2657,"href":"https:\/\/just2air.com\/es\/wp-json\/wp\/v2\/pages\/2651\/revisions\/2657"}],"wp:attachment":[{"href":"https:\/\/just2air.com\/es\/wp-json\/wp\/v2\/media?parent=2651"}],"curies":[{"name":"wp","href":"https:\/\/api.w.org\/{rel}","templated":true}]}}